{"id":16212,"date":"2018-06-26T15:58:48","date_gmt":"2018-06-26T13:58:48","guid":{"rendered":"https:\/\/inclusivesocial.org\/impressum-contacto\/"},"modified":"2025-02-15T18:06:55","modified_gmt":"2025-02-15T17:06:55","slug":"impressum-contacto","status":"publish","type":"page","link":"https:\/\/inclusivesocial.org\/es\/impressum-contacto\/","title":{"rendered":"Impressum \/ Contacto"},"content":{"rendered":"<style type=\"text\/css\"> \n#cmsmasters_row_69eb2828b65557_91227526 .cmsmasters_row_outer_parent { \n\tpadding-top: 0px; \n} \n\n#cmsmasters_row_69eb2828b65557_91227526 .cmsmasters_row_outer_parent { \n\tpadding-bottom: 50px; \n} \n\n \n#cmsmasters_heading_69eb2828b6b179_44572929 { \n\ttext-align:center; \n\tmargin-top:80px; \n\tmargin-bottom:20px; \n} \n\n#cmsmasters_heading_69eb2828b6b179_44572929 .cmsmasters_heading { \n\ttext-align:center; \n} \n\n#cmsmasters_heading_69eb2828b6b179_44572929 .cmsmasters_heading, #cmsmasters_heading_69eb2828b6b179_44572929 .cmsmasters_heading a { \n\tfont-weight:normal; \n\tfont-style:normal; \n} \n\n#cmsmasters_heading_69eb2828b6b179_44572929 .cmsmasters_heading_divider { \n} \n\n \n#cmsmasters_row_69eb2828b6c7e4_14606575 .cmsmasters_row_outer_parent { \n\tpadding-top: 0px; \n} \n\n#cmsmasters_row_69eb2828b6c7e4_14606575 .cmsmasters_row_outer_parent { \n\tpadding-bottom: 50px; \n} \n\n#cmsmasters_row_69eb2828b6c7e4_14606575 .cmsmasters_row_inner.cmsmasters_row_fullwidth { \n\tpadding-left:15%; \n} \n#cmsmasters_row_69eb2828b6c7e4_14606575 .cmsmasters_row_inner.cmsmasters_row_fullwidth { \n\tpadding-right:15%; \n} \n \n#cmsmasters_row_69eb2828b6ea95_13586827 .cmsmasters_row_outer_parent { \n\tpadding-top: 0px; \n} \n\n#cmsmasters_row_69eb2828b6ea95_13586827 .cmsmasters_row_outer_parent { \n\tpadding-bottom: 50px; \n} \n\n\n#cmsmasters_button_69eb2828b6ff40_89413649 { \n\ttext-align:center; \n} \n\n#cmsmasters_button_69eb2828b6ff40_89413649 .cmsmasters_button:before { \n\tmargin-right:.5em; \n\tmargin-left:0; \n\tvertical-align:baseline; \n} \n\n#cmsmasters_button_69eb2828b6ff40_89413649 .cmsmasters_button { \n\tfont-weight:normal; \n\tfont-style:normal; \n\tborder-style:solid; \n} \n#cmsmasters_button_69eb2828b6ff40_89413649 .cmsmasters_button:hover { \n} \n<\/style><div id=\"cmsmasters_row_69eb2828b65557_91227526\" class=\"cmsmasters_row cmsmasters_color_scheme_default cmsmasters_row_top_default cmsmasters_row_bot_default cmsmasters_row_boxed\">\n<div class=\"cmsmasters_row_outer_parent\">\n<div class=\"cmsmasters_row_outer\">\n<div class=\"cmsmasters_row_inner\">\n<div class=\"cmsmasters_row_margin\">\n<div class=\"cmsmasters_column one_first\">\n\n<div id=\"cmsmasters_heading_69eb2828b6b179_44572929\" class=\"cmsmasters_heading_wrap cmsmasters_heading_align_center\">\n\t<h1 class=\"cmsmasters_heading\">Impressum \/ Contacto<\/h1>\n<\/div>\n<\/div>\n<\/div>\n<\/div>\n<\/div>\n<\/div>\n<\/div>\n<div id=\"cmsmasters_row_69eb2828b6c7e4_14606575\" class=\"cmsmasters_row cmsmasters_color_scheme_default cmsmasters_row_top_default cmsmasters_row_bot_default cmsmasters_row_fullwidth\">\n<div class=\"cmsmasters_row_outer_parent\">\n<div class=\"cmsmasters_row_outer\">\n<div class=\"cmsmasters_row_inner cmsmasters_row_fullwidth\">\n<div class=\"cmsmasters_row_margin\">\n<div class=\"cmsmasters_column one_first\">\n<div class=\"cmsmasters_text\">\n<div class=\"bodytext\"><b>Goetheanum &#8211; Freie Hochschule f\u00fcr Geisteswissenschaft<\/b><\/div>\n<div><strong>Sektion f\u00fcr Heilp\u00e4dagogik und inklusive soziale Entwicklung<\/strong><\/div>\n<p><strong>Section for Inclusive Social Development<\/strong><\/p>\n<p class=\"bodytext\">Ruchti-Weg 9<br \/>\nCH-4143 Dornach<\/p>\n<p class=\"bodytext\">+41 61 701 84 85<\/p>\n<p><a href=\"mailto:inclusivesocial@goetheanum.ch\" target=\"_blank\" rel=\"noopener\">inclusivesocial@goetheanum.ch<\/a><\/p>\n<p><b>Organizaci\u00f3n de apoyo de la secci\u00f3n<br \/>\n<\/b><\/p>\n<p class=\"bodytext\">Fonds f\u00fcr Heilp\u00e4dagogik und Sozialtherapie Dornach<br \/>\nRuchti-Weg 9<br \/>\nCH-4143 Dornach<\/p>\n<p>El \u201cFonds f\u00fcr Heilp\u00e4dagogik und Sozialtherapie Dornach\u201d es una asociaci\u00f3n sin fines de lucro creada bajo las leyes suizas que no se encuentra registrada en el registro comercial.<\/p>\n<p>Director General:<br \/>\nDr. Jan G\u00f6schel<\/p>\n<p class=\"bodytext\">Junta Directiva:<br \/>\nMichael Dackweiler, Presidente; Remco Bakker, Asesor; Rainer Menzel, Asesor<\/p>\n<p><strong>Cuenta bancaria<\/strong><\/p>\n<div style=\"text-align: left;\">Para pagos en EUR:<\/div>\n<div style=\"text-align: left;\">Deutsche Bank AG<\/div>\n<div style=\"text-align: left;\">IBAN: DE48 6837 0024 0068 8408 00<\/div>\n<p>BIC: DEUTDEDB683<\/p>\n<div>Para pagos en CHF:<\/div>\n<div>Raiffeisenbank Dornach<\/div>\n<div>IBAN: CH40 8093 9000 0043 3571 8<\/div>\n<p>BIC: RAIFCH22<\/p>\n<div>Transacciones internacionales:<\/div>\n<div><a href=\"https:\/\/buy.stripe.com\/cN26oo1MX0oidbieUW\" target=\"_blank\" rel=\"noopener\">Pagos de Stripe<\/a> con tarjeta de cr\u00e9dito, Apple Pay, Google Pay y otros m\u00e9todos de pago locales.<\/div>\n<div>Pagos por <a href=\"https:\/\/paypal.com\" target=\"_blank\" rel=\"noopener noreferrer\">PayPal<\/a> a @inclusivesocial o <a href=\"mailto:inclusivesocial@goetheanum.ch\" target=\"_blank\" rel=\"noopener\">inclusivesocial@goetheanum.ch<\/a>.<\/div>\n<p>Pagos con <a href=\"https:\/\/wise.com\" target=\"_blank\" rel=\"noopener noreferrer\">Wise<\/a> \u2013 por favor contactar previamente con <a href=\"mailto:inclusivesocial@goetheanum.ch\" target=\"_blank\" rel=\"noopener\">inclusivesocial@goetheanum.ch<\/a><\/p>\n<p><strong><a href=\"https:\/\/inclusivesocial.org\/datenschutzerklaerung\/\" target=\"_blank\" rel=\"noopener noreferrer\">Pol\u00edticas de privacidad<\/a><\/strong><\/p>\n<p><strong>Donaciones<\/strong><\/p>\n<p>Las donaciones para apoyar el trabajo de la Secci\u00f3n pueden hacerse con tarjeta a trav\u00e9s del enlace que aparece a continuaci\u00f3n o mediante los m\u00e9todos de pago anteriores. Si deseas destinar tu donaci\u00f3n a un proyecto espec\u00edfico, ind\u00edcalo. Si tienes alguna pregunta, ponte en contacto con <a href=\"mailto:inclusivesocial@goetheanum.org\" target=\"_blank\" rel=\"noopener\">inclusivesocial@goetheanum.org<\/a>. \u00a1Gracias!   <\/p>\n<\/div>\n<\/div>\n<\/div>\n<\/div>\n<\/div>\n<\/div>\n<\/div>\n<div id=\"cmsmasters_row_69eb2828b6ea95_13586827\" class=\"cmsmasters_row cmsmasters_color_scheme_default cmsmasters_row_top_default cmsmasters_row_bot_default cmsmasters_row_boxed\">\n<div class=\"cmsmasters_row_outer_parent\">\n<div class=\"cmsmasters_row_outer\">\n<div class=\"cmsmasters_row_inner\">\n<div class=\"cmsmasters_row_margin\">\n<div class=\"cmsmasters_column one_first\">\n\n<div id=\"cmsmasters_button_69eb2828b6ff40_89413649\" class=\"button_wrap\"><a href=\"https:\/\/donate.stripe.com\/cN25kk4Z91smfjq3cd\" class=\"cmsmasters_button\" target=\"_blank\"><span>\u00a1Dona ahora!<\/span><\/a><\/div>\n<\/div>\n<\/div>\n<\/div>\n<\/div>\n<\/div>\n<\/div>\n\n","protected":false},"excerpt":{"rendered":"","protected":false},"author":1,"featured_media":0,"parent":0,"menu_order":0,"comment_status":"closed","ping_status":"closed","template":"","meta":{"footnotes":""},"class_list":["post-16212","page","type-page","status-publish","hentry"],"yoast_head":"<!-- This site is optimized with the Yoast SEO plugin v27.4 - https:\/\/yoast.com\/product\/yoast-seo-wordpress\/ -->\n<title>Impressum \/ Contacto - Section for Inclusive Social Development<\/title>\n<meta name=\"robots\" content=\"index, follow, max-snippet:-1, max-image-preview:large, max-video-preview:-1\" \/>\n<link rel=\"canonical\" href=\"https:\/\/inclusivesocial.org\/es\/impressum-contacto\/\" \/>\n<meta property=\"og:locale\" content=\"es_ES\" \/>\n<meta property=\"og:type\" content=\"article\" \/>\n<meta property=\"og:title\" content=\"Impressum \/ Contacto - Section for Inclusive Social Development\" \/>\n<meta property=\"og:url\" content=\"https:\/\/inclusivesocial.org\/es\/impressum-contacto\/\" \/>\n<meta property=\"og:site_name\" content=\"Section for Inclusive Social Development\" \/>\n<meta property=\"article:publisher\" content=\"https:\/\/www.facebook.com\/inclusivesocial\/\" \/>\n<meta property=\"article:modified_time\" content=\"2025-02-15T17:06:55+00:00\" \/>\n<meta name=\"twitter:card\" content=\"summary_large_image\" \/>\n<meta name=\"twitter:label1\" content=\"Tiempo de lectura\" \/>\n\t<meta name=\"twitter:data1\" content=\"2 minutos\" \/>\n<script type=\"application\/ld+json\" class=\"yoast-schema-graph\">{\"@context\":\"https:\\\/\\\/schema.org\",\"@graph\":[{\"@type\":\"WebPage\",\"@id\":\"https:\\\/\\\/inclusivesocial.org\\\/es\\\/impressum-contacto\\\/\",\"url\":\"https:\\\/\\\/inclusivesocial.org\\\/es\\\/impressum-contacto\\\/\",\"name\":\"Impressum \\\/ Contacto - Section for Inclusive Social Development\",\"isPartOf\":{\"@id\":\"https:\\\/\\\/inclusivesocial.org\\\/es\\\/#website\"},\"datePublished\":\"2018-06-26T13:58:48+00:00\",\"dateModified\":\"2025-02-15T17:06:55+00:00\",\"breadcrumb\":{\"@id\":\"https:\\\/\\\/inclusivesocial.org\\\/es\\\/impressum-contacto\\\/#breadcrumb\"},\"inLanguage\":\"es\",\"potentialAction\":[{\"@type\":\"ReadAction\",\"target\":[\"https:\\\/\\\/inclusivesocial.org\\\/es\\\/impressum-contacto\\\/\"]}]},{\"@type\":\"BreadcrumbList\",\"@id\":\"https:\\\/\\\/inclusivesocial.org\\\/es\\\/impressum-contacto\\\/#breadcrumb\",\"itemListElement\":[{\"@type\":\"ListItem\",\"position\":1,\"name\":\"Home\",\"item\":\"https:\\\/\\\/inclusivesocial.org\\\/es\\\/home\\\/\"},{\"@type\":\"ListItem\",\"position\":2,\"name\":\"Impressum \\\/ Contacto\"}]},{\"@type\":\"WebSite\",\"@id\":\"https:\\\/\\\/inclusivesocial.org\\\/es\\\/#website\",\"url\":\"https:\\\/\\\/inclusivesocial.org\\\/es\\\/\",\"name\":\"Inclusive Social\",\"description\":\"EDUCATION \\\/\\\/ WELLBEING \\\/\\\/ COMMUNITY\",\"publisher\":{\"@id\":\"https:\\\/\\\/inclusivesocial.org\\\/es\\\/#organization\"},\"potentialAction\":[{\"@type\":\"SearchAction\",\"target\":{\"@type\":\"EntryPoint\",\"urlTemplate\":\"https:\\\/\\\/inclusivesocial.org\\\/es\\\/?s={search_term_string}\"},\"query-input\":{\"@type\":\"PropertyValueSpecification\",\"valueRequired\":true,\"valueName\":\"search_term_string\"}}],\"inLanguage\":\"es\"},{\"@type\":\"Organization\",\"@id\":\"https:\\\/\\\/inclusivesocial.org\\\/es\\\/#organization\",\"name\":\"Section for Inclusive Social Development\",\"url\":\"https:\\\/\\\/inclusivesocial.org\\\/es\\\/\",\"logo\":{\"@type\":\"ImageObject\",\"inLanguage\":\"es\",\"@id\":\"https:\\\/\\\/inclusivesocial.org\\\/es\\\/#\\\/schema\\\/logo\\\/image\\\/\",\"url\":\"https:\\\/\\\/inclusivesocial.org\\\/wp-content\\\/uploads\\\/2024\\\/10\\\/heilpaedagogik-und-inklusive-soziale-entwicklung-dreizeiler-de-en-full-color-rgb-900px-w-72ppi.png\",\"contentUrl\":\"https:\\\/\\\/inclusivesocial.org\\\/wp-content\\\/uploads\\\/2024\\\/10\\\/heilpaedagogik-und-inklusive-soziale-entwicklung-dreizeiler-de-en-full-color-rgb-900px-w-72ppi.png\",\"width\":901,\"height\":158,\"caption\":\"Section for Inclusive Social Development\"},\"image\":{\"@id\":\"https:\\\/\\\/inclusivesocial.org\\\/es\\\/#\\\/schema\\\/logo\\\/image\\\/\"},\"sameAs\":[\"https:\\\/\\\/www.facebook.com\\\/inclusivesocial\\\/\",\"https:\\\/\\\/www.instagram.com\\\/inclusivesocial\\\/\"]}]}<\/script>\n<!-- \/ Yoast SEO plugin. -->","yoast_head_json":{"title":"Impressum \/ Contacto - Section for Inclusive Social Development","robots":{"index":"index","follow":"follow","max-snippet":"max-snippet:-1","max-image-preview":"max-image-preview:large","max-video-preview":"max-video-preview:-1"},"canonical":"https:\/\/inclusivesocial.org\/es\/impressum-contacto\/","og_locale":"es_ES","og_type":"article","og_title":"Impressum \/ Contacto - Section for Inclusive Social Development","og_url":"https:\/\/inclusivesocial.org\/es\/impressum-contacto\/","og_site_name":"Section for Inclusive Social Development","article_publisher":"https:\/\/www.facebook.com\/inclusivesocial\/","article_modified_time":"2025-02-15T17:06:55+00:00","twitter_card":"summary_large_image","twitter_misc":{"Tiempo de lectura":"2 minutos"},"schema":{"@context":"https:\/\/schema.org","@graph":[{"@type":"WebPage","@id":"https:\/\/inclusivesocial.org\/es\/impressum-contacto\/","url":"https:\/\/inclusivesocial.org\/es\/impressum-contacto\/","name":"Impressum \/ Contacto - Section for Inclusive Social Development","isPartOf":{"@id":"https:\/\/inclusivesocial.org\/es\/#website"},"datePublished":"2018-06-26T13:58:48+00:00","dateModified":"2025-02-15T17:06:55+00:00","breadcrumb":{"@id":"https:\/\/inclusivesocial.org\/es\/impressum-contacto\/#breadcrumb"},"inLanguage":"es","potentialAction":[{"@type":"ReadAction","target":["https:\/\/inclusivesocial.org\/es\/impressum-contacto\/"]}]},{"@type":"BreadcrumbList","@id":"https:\/\/inclusivesocial.org\/es\/impressum-contacto\/#breadcrumb","itemListElement":[{"@type":"ListItem","position":1,"name":"Home","item":"https:\/\/inclusivesocial.org\/es\/home\/"},{"@type":"ListItem","position":2,"name":"Impressum \/ Contacto"}]},{"@type":"WebSite","@id":"https:\/\/inclusivesocial.org\/es\/#website","url":"https:\/\/inclusivesocial.org\/es\/","name":"Inclusive Social","description":"EDUCATION \/\/ WELLBEING \/\/ COMMUNITY","publisher":{"@id":"https:\/\/inclusivesocial.org\/es\/#organization"},"potentialAction":[{"@type":"SearchAction","target":{"@type":"EntryPoint","urlTemplate":"https:\/\/inclusivesocial.org\/es\/?s={search_term_string}"},"query-input":{"@type":"PropertyValueSpecification","valueRequired":true,"valueName":"search_term_string"}}],"inLanguage":"es"},{"@type":"Organization","@id":"https:\/\/inclusivesocial.org\/es\/#organization","name":"Section for Inclusive Social Development","url":"https:\/\/inclusivesocial.org\/es\/","logo":{"@type":"ImageObject","inLanguage":"es","@id":"https:\/\/inclusivesocial.org\/es\/#\/schema\/logo\/image\/","url":"https:\/\/inclusivesocial.org\/wp-content\/uploads\/2024\/10\/heilpaedagogik-und-inklusive-soziale-entwicklung-dreizeiler-de-en-full-color-rgb-900px-w-72ppi.png","contentUrl":"https:\/\/inclusivesocial.org\/wp-content\/uploads\/2024\/10\/heilpaedagogik-und-inklusive-soziale-entwicklung-dreizeiler-de-en-full-color-rgb-900px-w-72ppi.png","width":901,"height":158,"caption":"Section for Inclusive Social Development"},"image":{"@id":"https:\/\/inclusivesocial.org\/es\/#\/schema\/logo\/image\/"},"sameAs":["https:\/\/www.facebook.com\/inclusivesocial\/","https:\/\/www.instagram.com\/inclusivesocial\/"]}]}},"_links":{"self":[{"href":"https:\/\/inclusivesocial.org\/es\/wp-json\/wp\/v2\/pages\/16212","targetHints":{"allow":["GET"]}}],"collection":[{"href":"https:\/\/inclusivesocial.org\/es\/wp-json\/wp\/v2\/pages"}],"about":[{"href":"https:\/\/inclusivesocial.org\/es\/wp-json\/wp\/v2\/types\/page"}],"author":[{"embeddable":true,"href":"https:\/\/inclusivesocial.org\/es\/wp-json\/wp\/v2\/users\/1"}],"replies":[{"embeddable":true,"href":"https:\/\/inclusivesocial.org\/es\/wp-json\/wp\/v2\/comments?post=16212"}],"version-history":[{"count":5,"href":"https:\/\/inclusivesocial.org\/es\/wp-json\/wp\/v2\/pages\/16212\/revisions"}],"predecessor-version":[{"id":44672,"href":"https:\/\/inclusivesocial.org\/es\/wp-json\/wp\/v2\/pages\/16212\/revisions\/44672"}],"wp:attachment":[{"href":"https:\/\/inclusivesocial.org\/es\/wp-json\/wp\/v2\/media?parent=16212"}],"curies":[{"name":"wp","href":"https:\/\/api.w.org\/{rel}","templated":true}]}}