{"id":34244,"date":"2022-12-22T15:28:19","date_gmt":"2022-12-22T14:28:19","guid":{"rendered":"https:\/\/inclusivesocial.org\/product\/perspectives-edicion-espanol-numero-3-12-2022\/"},"modified":"2023-06-30T02:54:12","modified_gmt":"2023-06-30T00:54:12","slug":"perspectives-edicion-espanol-numero-3-12-2022","status":"publish","type":"product","link":"https:\/\/inclusivesocial.org\/es\/product\/perspectives-edicion-espanol-numero-3-12-2022\/","title":{"rendered":"Perspectives &#8211; Edici\u00f3n espa\u00f1ol n\u00famero 3 (12-2022)"},"content":{"rendered":"<style type=\"text\/css\"><\/style>","protected":false},"excerpt":{"rendered":"<p>Edici\u00f3n especial en espa\u00f1ol para descargar en PDF<\/p>\n<p>Contenido:<\/p>\n<div class=\"page\" title=\"p\u00e1gina 2\">\n<div class=\"section\">\n<div class=\"layoutArea\">\n<div class=\"column\">\n<ul>\n<li>La epilepsia de \u00abdominio astral\u201c (Gerhard Hallen)<\/li>\n<li>Presentaci\u00f3n del Consejo Latinoamericano (Marcela Almeyda)<\/li>\n<li>Encontrar \u00abhistorias terap\u00e9uticas\u00bb (Martin Niedermann)<\/li>\n<\/ul>\n<\/div>\n<\/div>\n<\/div>\n<\/div>\n<p>Le pedimos una contribuci\u00f3n de libre elecci\u00f3n a los costes entre 3 y 10 CHF. (Si no puede permitirse ni siquiera la cantidad m\u00ednima debido a circunstancias financieras excepcionales, p\u00f3ngase en contacto con nosotros: <a href=\"mailto:info@inclusivesocial.org\">info@inclusivesocial.org<\/a>.)<\/p>\n","protected":false},"featured_media":34133,"template":"","meta":[],"product_brand":[],"product_cat":[124],"product_tag":[],"class_list":{"0":"post-34244","1":"product","2":"type-product","3":"status-publish","4":"has-post-thumbnail","6":"product_cat-revista","8":"first","9":"instock","10":"downloadable","11":"virtual","12":"sold-individually","13":"purchasable","14":"product-type-simple"},"yoast_head":"<!-- This site is optimized with the Yoast SEO plugin v27.3 - https:\/\/yoast.com\/product\/yoast-seo-wordpress\/ -->\n<title>Perspectives - Edici\u00f3n espa\u00f1ol n\u00famero 3 (12-2022) - Section for Inclusive Social Development<\/title>\n<meta name=\"robots\" content=\"noindex, follow\" \/>\n<meta property=\"og:locale\" content=\"es_ES\" \/>\n<meta property=\"og:type\" content=\"article\" \/>\n<meta property=\"og:title\" content=\"Perspectives - Edici\u00f3n espa\u00f1ol n\u00famero 3 (12-2022) - Section for Inclusive Social Development\" \/>\n<meta property=\"og:description\" content=\"Edici\u00f3n especial en espa\u00f1ol para descargar en PDF Contenido:    La epilepsia de &quot;dominio astral\u201c (Gerhard Hallen)  Presentaci\u00f3n del Consejo Latinoamericano (Marcela Almeyda)  Encontrar &quot;historias terap\u00e9uticas&quot; (Martin Niedermann)   Le pedimos una contribuci\u00f3n de libre elecci\u00f3n a los costes entre 3 y 10 CHF. (Si no puede permitirse ni siquiera la cantidad m\u00ednima debido a circunstancias financieras excepcionales, p\u00f3ngase en contacto con nosotros: info@inclusivesocial.org.)\" \/>\n<meta property=\"og:url\" content=\"https:\/\/inclusivesocial.org\/product\/perspectives-edicion-espanol-numero-3-12-2022\/\" \/>\n<meta property=\"og:site_name\" content=\"Section for Inclusive Social Development\" \/>\n<meta property=\"article:publisher\" content=\"https:\/\/www.facebook.com\/inclusivesocial\/\" \/>\n<meta property=\"article:modified_time\" content=\"2023-06-30T00:54:12+00:00\" \/>\n<meta property=\"og:image\" content=\"https:\/\/inclusivesocial.org\/wp-content\/uploads\/2022\/12\/Screenshot-2022-12-23-at-5.59.04-PM.png\" \/>\n\t<meta property=\"og:image:width\" content=\"1228\" \/>\n\t<meta property=\"og:image:height\" content=\"1734\" \/>\n\t<meta property=\"og:image:type\" content=\"image\/png\" \/>\n<meta name=\"twitter:card\" content=\"summary_large_image\" \/>\n<script type=\"application\/ld+json\" class=\"yoast-schema-graph\">{\"@context\":\"https:\\\/\\\/schema.org\",\"@graph\":[{\"@type\":\"WebPage\",\"@id\":\"https:\\\/\\\/inclusivesocial.org\\\/product\\\/perspectives-edicion-espanol-numero-3-12-2022\\\/\",\"url\":\"https:\\\/\\\/inclusivesocial.org\\\/product\\\/perspectives-edicion-espanol-numero-3-12-2022\\\/\",\"name\":\"Perspectives - Edici\u00f3n espa\u00f1ol n\u00famero 3 (12-2022) - Section for Inclusive Social Development\",\"isPartOf\":{\"@id\":\"https:\\\/\\\/inclusivesocial.org\\\/es\\\/#website\"},\"primaryImageOfPage\":{\"@id\":\"https:\\\/\\\/inclusivesocial.org\\\/product\\\/perspectives-edicion-espanol-numero-3-12-2022\\\/#primaryimage\"},\"image\":{\"@id\":\"https:\\\/\\\/inclusivesocial.org\\\/product\\\/perspectives-edicion-espanol-numero-3-12-2022\\\/#primaryimage\"},\"thumbnailUrl\":\"https:\\\/\\\/inclusivesocial.org\\\/wp-content\\\/uploads\\\/2022\\\/12\\\/Screenshot-2022-12-23-at-5.59.04-PM.png\",\"datePublished\":\"2022-12-22T14:28:19+00:00\",\"dateModified\":\"2023-06-30T00:54:12+00:00\",\"breadcrumb\":{\"@id\":\"https:\\\/\\\/inclusivesocial.org\\\/product\\\/perspectives-edicion-espanol-numero-3-12-2022\\\/#breadcrumb\"},\"inLanguage\":\"es\",\"potentialAction\":[{\"@type\":\"ReadAction\",\"target\":[\"https:\\\/\\\/inclusivesocial.org\\\/product\\\/perspectives-edicion-espanol-numero-3-12-2022\\\/\"]}]},{\"@type\":\"ImageObject\",\"inLanguage\":\"es\",\"@id\":\"https:\\\/\\\/inclusivesocial.org\\\/product\\\/perspectives-edicion-espanol-numero-3-12-2022\\\/#primaryimage\",\"url\":\"https:\\\/\\\/inclusivesocial.org\\\/wp-content\\\/uploads\\\/2022\\\/12\\\/Screenshot-2022-12-23-at-5.59.04-PM.png\",\"contentUrl\":\"https:\\\/\\\/inclusivesocial.org\\\/wp-content\\\/uploads\\\/2022\\\/12\\\/Screenshot-2022-12-23-at-5.59.04-PM.png\",\"width\":1228,\"height\":1734},{\"@type\":\"BreadcrumbList\",\"@id\":\"https:\\\/\\\/inclusivesocial.org\\\/product\\\/perspectives-edicion-espanol-numero-3-12-2022\\\/#breadcrumb\",\"itemListElement\":[{\"@type\":\"ListItem\",\"position\":1,\"name\":\"Home\",\"item\":\"https:\\\/\\\/inclusivesocial.org\\\/es\\\/home\\\/\"},{\"@type\":\"ListItem\",\"position\":2,\"name\":\"Suscribirse a Perspectives\",\"item\":\"https:\\\/\\\/inclusivesocial.org\\\/es\\\/suscribirse-a-perspectives\\\/\"},{\"@type\":\"ListItem\",\"position\":3,\"name\":\"Perspectives &#8211; Edici\u00f3n espa\u00f1ol n\u00famero 3 (12-2022)\"}]},{\"@type\":\"WebSite\",\"@id\":\"https:\\\/\\\/inclusivesocial.org\\\/es\\\/#website\",\"url\":\"https:\\\/\\\/inclusivesocial.org\\\/es\\\/\",\"name\":\"Inclusive Social\",\"description\":\"EDUCATION \\\/\\\/ WELLBEING \\\/\\\/ COMMUNITY\",\"publisher\":{\"@id\":\"https:\\\/\\\/inclusivesocial.org\\\/es\\\/#organization\"},\"potentialAction\":[{\"@type\":\"SearchAction\",\"target\":{\"@type\":\"EntryPoint\",\"urlTemplate\":\"https:\\\/\\\/inclusivesocial.org\\\/es\\\/?s={search_term_string}\"},\"query-input\":{\"@type\":\"PropertyValueSpecification\",\"valueRequired\":true,\"valueName\":\"search_term_string\"}}],\"inLanguage\":\"es\"},{\"@type\":\"Organization\",\"@id\":\"https:\\\/\\\/inclusivesocial.org\\\/es\\\/#organization\",\"name\":\"Section for Inclusive Social Development\",\"url\":\"https:\\\/\\\/inclusivesocial.org\\\/es\\\/\",\"logo\":{\"@type\":\"ImageObject\",\"inLanguage\":\"es\",\"@id\":\"https:\\\/\\\/inclusivesocial.org\\\/es\\\/#\\\/schema\\\/logo\\\/image\\\/\",\"url\":\"https:\\\/\\\/inclusivesocial.org\\\/wp-content\\\/uploads\\\/2024\\\/10\\\/heilpaedagogik-und-inklusive-soziale-entwicklung-dreizeiler-de-en-full-color-rgb-900px-w-72ppi.png\",\"contentUrl\":\"https:\\\/\\\/inclusivesocial.org\\\/wp-content\\\/uploads\\\/2024\\\/10\\\/heilpaedagogik-und-inklusive-soziale-entwicklung-dreizeiler-de-en-full-color-rgb-900px-w-72ppi.png\",\"width\":901,\"height\":158,\"caption\":\"Section for Inclusive Social Development\"},\"image\":{\"@id\":\"https:\\\/\\\/inclusivesocial.org\\\/es\\\/#\\\/schema\\\/logo\\\/image\\\/\"},\"sameAs\":[\"https:\\\/\\\/www.facebook.com\\\/inclusivesocial\\\/\",\"https:\\\/\\\/www.instagram.com\\\/inclusivesocial\\\/\"]}]}<\/script>\n<!-- \/ Yoast SEO plugin. -->","yoast_head_json":{"title":"Perspectives - Edici\u00f3n espa\u00f1ol n\u00famero 3 (12-2022) - Section for Inclusive Social Development","robots":{"index":"noindex","follow":"follow"},"og_locale":"es_ES","og_type":"article","og_title":"Perspectives - Edici\u00f3n espa\u00f1ol n\u00famero 3 (12-2022) - Section for Inclusive Social Development","og_description":"Edici\u00f3n especial en espa\u00f1ol para descargar en PDF Contenido:    La epilepsia de \"dominio astral\u201c (Gerhard Hallen)  Presentaci\u00f3n del Consejo Latinoamericano (Marcela Almeyda)  Encontrar \"historias terap\u00e9uticas\" (Martin Niedermann)   Le pedimos una contribuci\u00f3n de libre elecci\u00f3n a los costes entre 3 y 10 CHF. (Si no puede permitirse ni siquiera la cantidad m\u00ednima debido a circunstancias financieras excepcionales, p\u00f3ngase en contacto con nosotros: info@inclusivesocial.org.)","og_url":"https:\/\/inclusivesocial.org\/product\/perspectives-edicion-espanol-numero-3-12-2022\/","og_site_name":"Section for Inclusive Social Development","article_publisher":"https:\/\/www.facebook.com\/inclusivesocial\/","article_modified_time":"2023-06-30T00:54:12+00:00","og_image":[{"width":1228,"height":1734,"url":"https:\/\/inclusivesocial.org\/wp-content\/uploads\/2022\/12\/Screenshot-2022-12-23-at-5.59.04-PM.png","type":"image\/png"}],"twitter_card":"summary_large_image","schema":{"@context":"https:\/\/schema.org","@graph":[{"@type":"WebPage","@id":"https:\/\/inclusivesocial.org\/product\/perspectives-edicion-espanol-numero-3-12-2022\/","url":"https:\/\/inclusivesocial.org\/product\/perspectives-edicion-espanol-numero-3-12-2022\/","name":"Perspectives - Edici\u00f3n espa\u00f1ol n\u00famero 3 (12-2022) - Section for Inclusive Social Development","isPartOf":{"@id":"https:\/\/inclusivesocial.org\/es\/#website"},"primaryImageOfPage":{"@id":"https:\/\/inclusivesocial.org\/product\/perspectives-edicion-espanol-numero-3-12-2022\/#primaryimage"},"image":{"@id":"https:\/\/inclusivesocial.org\/product\/perspectives-edicion-espanol-numero-3-12-2022\/#primaryimage"},"thumbnailUrl":"https:\/\/inclusivesocial.org\/wp-content\/uploads\/2022\/12\/Screenshot-2022-12-23-at-5.59.04-PM.png","datePublished":"2022-12-22T14:28:19+00:00","dateModified":"2023-06-30T00:54:12+00:00","breadcrumb":{"@id":"https:\/\/inclusivesocial.org\/product\/perspectives-edicion-espanol-numero-3-12-2022\/#breadcrumb"},"inLanguage":"es","potentialAction":[{"@type":"ReadAction","target":["https:\/\/inclusivesocial.org\/product\/perspectives-edicion-espanol-numero-3-12-2022\/"]}]},{"@type":"ImageObject","inLanguage":"es","@id":"https:\/\/inclusivesocial.org\/product\/perspectives-edicion-espanol-numero-3-12-2022\/#primaryimage","url":"https:\/\/inclusivesocial.org\/wp-content\/uploads\/2022\/12\/Screenshot-2022-12-23-at-5.59.04-PM.png","contentUrl":"https:\/\/inclusivesocial.org\/wp-content\/uploads\/2022\/12\/Screenshot-2022-12-23-at-5.59.04-PM.png","width":1228,"height":1734},{"@type":"BreadcrumbList","@id":"https:\/\/inclusivesocial.org\/product\/perspectives-edicion-espanol-numero-3-12-2022\/#breadcrumb","itemListElement":[{"@type":"ListItem","position":1,"name":"Home","item":"https:\/\/inclusivesocial.org\/es\/home\/"},{"@type":"ListItem","position":2,"name":"Suscribirse a Perspectives","item":"https:\/\/inclusivesocial.org\/es\/suscribirse-a-perspectives\/"},{"@type":"ListItem","position":3,"name":"Perspectives &#8211; Edici\u00f3n espa\u00f1ol n\u00famero 3 (12-2022)"}]},{"@type":"WebSite","@id":"https:\/\/inclusivesocial.org\/es\/#website","url":"https:\/\/inclusivesocial.org\/es\/","name":"Inclusive Social","description":"EDUCATION \/\/ WELLBEING \/\/ COMMUNITY","publisher":{"@id":"https:\/\/inclusivesocial.org\/es\/#organization"},"potentialAction":[{"@type":"SearchAction","target":{"@type":"EntryPoint","urlTemplate":"https:\/\/inclusivesocial.org\/es\/?s={search_term_string}"},"query-input":{"@type":"PropertyValueSpecification","valueRequired":true,"valueName":"search_term_string"}}],"inLanguage":"es"},{"@type":"Organization","@id":"https:\/\/inclusivesocial.org\/es\/#organization","name":"Section for Inclusive Social Development","url":"https:\/\/inclusivesocial.org\/es\/","logo":{"@type":"ImageObject","inLanguage":"es","@id":"https:\/\/inclusivesocial.org\/es\/#\/schema\/logo\/image\/","url":"https:\/\/inclusivesocial.org\/wp-content\/uploads\/2024\/10\/heilpaedagogik-und-inklusive-soziale-entwicklung-dreizeiler-de-en-full-color-rgb-900px-w-72ppi.png","contentUrl":"https:\/\/inclusivesocial.org\/wp-content\/uploads\/2024\/10\/heilpaedagogik-und-inklusive-soziale-entwicklung-dreizeiler-de-en-full-color-rgb-900px-w-72ppi.png","width":901,"height":158,"caption":"Section for Inclusive Social Development"},"image":{"@id":"https:\/\/inclusivesocial.org\/es\/#\/schema\/logo\/image\/"},"sameAs":["https:\/\/www.facebook.com\/inclusivesocial\/","https:\/\/www.instagram.com\/inclusivesocial\/"]}]}},"_links":{"self":[{"href":"https:\/\/inclusivesocial.org\/es\/wp-json\/wp\/v2\/product\/34244","targetHints":{"allow":["GET"]}}],"collection":[{"href":"https:\/\/inclusivesocial.org\/es\/wp-json\/wp\/v2\/product"}],"about":[{"href":"https:\/\/inclusivesocial.org\/es\/wp-json\/wp\/v2\/types\/product"}],"wp:featuredmedia":[{"embeddable":true,"href":"https:\/\/inclusivesocial.org\/es\/wp-json\/wp\/v2\/media\/34133"}],"wp:attachment":[{"href":"https:\/\/inclusivesocial.org\/es\/wp-json\/wp\/v2\/media?parent=34244"}],"wp:term":[{"taxonomy":"product_brand","embeddable":true,"href":"https:\/\/inclusivesocial.org\/es\/wp-json\/wp\/v2\/product_brand?post=34244"},{"taxonomy":"product_cat","embeddable":true,"href":"https:\/\/inclusivesocial.org\/es\/wp-json\/wp\/v2\/product_cat?post=34244"},{"taxonomy":"product_tag","embeddable":true,"href":"https:\/\/inclusivesocial.org\/es\/wp-json\/wp\/v2\/product_tag?post=34244"}],"curies":[{"name":"wp","href":"https:\/\/api.w.org\/{rel}","templated":true}]}}