{"id":38158,"date":"2023-11-17T16:33:31","date_gmt":"2023-11-17T15:33:31","guid":{"rendered":"https:\/\/inclusivesocial.org\/product\/%d0%bf%d0%b5%d1%80%d1%81%d0%bf%d0%b5%d0%ba%d1%82%d0%b8%d0%b2%d1%8b-%d1%81%d0%bf%d0%b5%d1%86%d0%b8%d0%b0%d0%bb%d1%8c%d0%bd%d1%8b%d0%b9-%d0%b2%d1%8b%d0%bf%d1%83%d1%81%d0%ba-%e2%84%96-1-%d0%bd%d0%b0\/"},"modified":"2023-11-22T08:50:32","modified_gmt":"2023-11-22T07:50:32","slug":"%d0%bf%d0%b5%d1%80%d1%81%d0%bf%d0%b5%d0%ba%d1%82%d0%b8%d0%b2%d1%8b-%d1%81%d0%bf%d0%b5%d1%86%d0%b8%d0%b0%d0%bb%d1%8c%d0%bd%d1%8b%d0%b9-%d0%b2%d1%8b%d0%bf%d1%83%d1%81%d0%ba-%e2%84%96-1-%d0%bd%d0%b0","status":"publish","type":"product","link":"https:\/\/inclusivesocial.org\/es\/product\/%d0%bf%d0%b5%d1%80%d1%81%d0%bf%d0%b5%d0%ba%d1%82%d0%b8%d0%b2%d1%8b-%d1%81%d0%bf%d0%b5%d1%86%d0%b8%d0%b0%d0%bb%d1%8c%d0%bd%d1%8b%d0%b9-%d0%b2%d1%8b%d0%bf%d1%83%d1%81%d0%ba-%e2%84%96-1-%d0%bd%d0%b0\/","title":{"rendered":"\u041f\u0435\u0440\u0441\u043f\u0435\u043a\u0442\u0438\u0432\u044b &#8211; \u0421\u043f\u0435\u0446\u0438\u0430\u043b\u044c\u043d\u044b\u0439 \u0432\u044b\u043f\u0443\u0441\u043a \u2116 1 \u043d\u0430 \u0440\u0443\u0441\u0441\u043a\u043e\u043c \u044f\u0437\u044b\u043a\u0435 10-2023"},"content":{"rendered":"<style type=\"text\/css\"><\/style>","protected":false},"excerpt":{"rendered":"<p>Edici\u00f3n especial en ruso para descargar en PDF<\/p>\n<p>Contenido:<\/p>\n<div class=\"page\" title=\"p\u00e1gina 2\">\n<div class=\"section\">\n<div class=\"layoutArea\">\n<div class=\"column\">\n<ul>\n<li>\u041e\u043f\u044b\u0442 \u043f\u0435\u0440\u0435\u0436\u0438\u0432\u0430\u043d\u0438\u044f \u00ab\u0442\u043e\u0447\u043a\u0438- \u043a\u0440\u0443\u0433\u0430\u00bb K\u0430\u043a \u0434\u0438\u0434\u0430\u043a\u0442\u0438\u0447\u0435\u0441\u043a\u0438\u0439 \u044d\u043b\u0435\u043c\u0435\u043d\u0442 \u0432 \u0440\u0430\u043c\u043a\u0430\u0445 \u043f\u043e\u0434\u0433\u043e\u0442\u043e\u0432\u043a\u0438 \u043b\u0435\u0447\u0435\u0431\u043d\u044b\u0445 \u043f\u0435\u0434\u0430\u0433\u043e\u0433\u043e\u0432<br \/>\n(\u0410\u043d\u043d\u0435\u0442\u0442\u0435 \u041f\u0438\u0445\u043b\u0435\u0440)<\/li>\n<li>P\u0417\u0430\u0440\u0438\u0441\u043e\u0432\u043a\u0438 \u0432\u043e\u0441\u043f\u0440\u0438\u044f\u0442\u0438\u044f \u043a\u0430\u043a \u043e\u0441\u043d\u043e\u0432\u0430 \u043e\u0440\u0438\u0435\u043d\u0442\u0438\u0440\u043e\u0432\u0430\u043d\u043d\u043e\u0433\u043e \u043d\u0430 \u0438\u043d\u043a\u043b\u044e\u0437\u0438\u044e \u043f\u0435\u0434\u0430\u0433\u043e\u0433\u0438\u0447\u0435\u0441\u043a\u043e\u0433\u043e \u043f\u043e\u0434\u0445\u043e\u0434\u0430 (\u0423\u043b\u044c\u0440\u0438\u043a\u0430 \u0411\u0430\u0440\u0442 \u0438 \u0410\u043d\u0436\u0435\u043b\u0438\u043a\u0430 \u0412\u0438\u043b\u044c)<\/li>\n<li>\u041a\u0443\u0440\u0441 \u043b\u0435\u043a\u0446\u0438\u0439 \u043f\u043e \u043b\u0435\u0447\u0435\u0431\u043d\u043e\u0439 \u043f\u0435\u0434\u0430\u0433\u043e\u0433\u0438\u043a\u0435 \u043a\u0430\u043a \u043c\u0435\u0434\u0438\u0442\u0430\u0442\u0438\u0432\u043d\u044b\u0439 \u043f\u0443\u0442\u044c (\u041a\u0430\u0440\u043b \u0420\u0430\u0439\u043d\u0445\u0430\u0440\u0434 \u041a\u0443\u043c\u043c\u0435\u0440)<\/li>\n<\/ul>\n<\/div>\n<\/div>\n<\/div>\n<\/div>\n<p>Le pedimos una contribuci\u00f3n de libre elecci\u00f3n a los costes entre 3 y 10 CHF. (Si no puede permitirse ni siquiera la cantidad m\u00ednima debido a circunstancias financieras excepcionales, p\u00f3ngase en contacto con nosotros: <a href=\"mailto:info@inclusivesocial.org\">info@inclusivesocial.org<\/a>.)<\/p>\n","protected":false},"featured_media":38164,"template":"","meta":[],"product_brand":[],"product_cat":[124],"product_tag":[],"class_list":{"0":"post-38158","1":"product","2":"type-product","3":"status-publish","4":"has-post-thumbnail","6":"product_cat-revista","8":"first","9":"instock","10":"downloadable","11":"virtual","12":"sold-individually","13":"purchasable","14":"product-type-simple"},"yoast_head":"<!-- This site is optimized with the Yoast SEO plugin v27.4 - https:\/\/yoast.com\/product\/yoast-seo-wordpress\/ -->\n<title>\u041f\u0435\u0440\u0441\u043f\u0435\u043a\u0442\u0438\u0432\u044b - \u0421\u043f\u0435\u0446\u0438\u0430\u043b\u044c\u043d\u044b\u0439 \u0432\u044b\u043f\u0443\u0441\u043a \u2116 1 \u043d\u0430 \u0440\u0443\u0441\u0441\u043a\u043e\u043c \u044f\u0437\u044b\u043a\u0435 10-2023 - Section for Inclusive Social Development<\/title>\n<meta name=\"robots\" content=\"noindex, follow\" \/>\n<meta property=\"og:locale\" content=\"es_ES\" \/>\n<meta property=\"og:type\" content=\"article\" \/>\n<meta property=\"og:title\" content=\"\u041f\u0435\u0440\u0441\u043f\u0435\u043a\u0442\u0438\u0432\u044b - \u0421\u043f\u0435\u0446\u0438\u0430\u043b\u044c\u043d\u044b\u0439 \u0432\u044b\u043f\u0443\u0441\u043a \u2116 1 \u043d\u0430 \u0440\u0443\u0441\u0441\u043a\u043e\u043c \u044f\u0437\u044b\u043a\u0435 10-2023 - Section for Inclusive Social Development\" \/>\n<meta property=\"og:description\" content=\"Edici\u00f3n especial en ruso para descargar en PDF Contenido:    \u041e\u043f\u044b\u0442 \u043f\u0435\u0440\u0435\u0436\u0438\u0432\u0430\u043d\u0438\u044f \u00ab\u0442\u043e\u0447\u043a\u0438- \u043a\u0440\u0443\u0433\u0430\u00bb K\u0430\u043a \u0434\u0438\u0434\u0430\u043a\u0442\u0438\u0447\u0435\u0441\u043a\u0438\u0439 \u044d\u043b\u0435\u043c\u0435\u043d\u0442 \u0432 \u0440\u0430\u043c\u043a\u0430\u0445 \u043f\u043e\u0434\u0433\u043e\u0442\u043e\u0432\u043a\u0438 \u043b\u0435\u0447\u0435\u0431\u043d\u044b\u0445 \u043f\u0435\u0434\u0430\u0433\u043e\u0433\u043e\u0432 (\u0410\u043d\u043d\u0435\u0442\u0442\u0435 \u041f\u0438\u0445\u043b\u0435\u0440)  P\u0417\u0430\u0440\u0438\u0441\u043e\u0432\u043a\u0438 \u0432\u043e\u0441\u043f\u0440\u0438\u044f\u0442\u0438\u044f \u043a\u0430\u043a \u043e\u0441\u043d\u043e\u0432\u0430 \u043e\u0440\u0438\u0435\u043d\u0442\u0438\u0440\u043e\u0432\u0430\u043d\u043d\u043e\u0433\u043e \u043d\u0430 \u0438\u043d\u043a\u043b\u044e\u0437\u0438\u044e \u043f\u0435\u0434\u0430\u0433\u043e\u0433\u0438\u0447\u0435\u0441\u043a\u043e\u0433\u043e \u043f\u043e\u0434\u0445\u043e\u0434\u0430 (\u0423\u043b\u044c\u0440\u0438\u043a\u0430 \u0411\u0430\u0440\u0442 \u0438 \u0410\u043d\u0436\u0435\u043b\u0438\u043a\u0430 \u0412\u0438\u043b\u044c)  \u041a\u0443\u0440\u0441 \u043b\u0435\u043a\u0446\u0438\u0439 \u043f\u043e \u043b\u0435\u0447\u0435\u0431\u043d\u043e\u0439 \u043f\u0435\u0434\u0430\u0433\u043e\u0433\u0438\u043a\u0435 \u043a\u0430\u043a \u043c\u0435\u0434\u0438\u0442\u0430\u0442\u0438\u0432\u043d\u044b\u0439 \u043f\u0443\u0442\u044c (\u041a\u0430\u0440\u043b \u0420\u0430\u0439\u043d\u0445\u0430\u0440\u0434 \u041a\u0443\u043c\u043c\u0435\u0440)   Le pedimos una contribuci\u00f3n de libre elecci\u00f3n a los costes entre 3 y 10 CHF. (Si no puede permitirse ni siquiera la cantidad m\u00ednima debido a circunstancias financieras excepcionales, p\u00f3ngase en contacto con nosotros: info@inclusivesocial.org.)\" \/>\n<meta property=\"og:url\" content=\"https:\/\/inclusivesocial.org\/product\/\u043f\u0435\u0440\u0441\u043f\u0435\u043a\u0442\u0438\u0432\u044b-\u0441\u043f\u0435\u0446\u0438\u0430\u043b\u044c\u043d\u044b\u0439-\u0432\u044b\u043f\u0443\u0441\u043a-\u2116-1-\u043d\u0430\/\" \/>\n<meta property=\"og:site_name\" content=\"Section for Inclusive Social Development\" \/>\n<meta property=\"article:publisher\" content=\"https:\/\/www.facebook.com\/inclusivesocial\/\" \/>\n<meta property=\"article:modified_time\" content=\"2023-11-22T07:50:32+00:00\" \/>\n<meta property=\"og:image\" content=\"https:\/\/inclusivesocial.org\/wp-content\/uploads\/2023\/11\/Perspectives-RUS-No.1-2023-10-final-scaled.jpg\" \/>\n\t<meta property=\"og:image:width\" content=\"1810\" \/>\n\t<meta property=\"og:image:height\" content=\"2560\" \/>\n\t<meta property=\"og:image:type\" content=\"image\/jpeg\" \/>\n<meta name=\"twitter:card\" content=\"summary_large_image\" \/>\n<script type=\"application\/ld+json\" class=\"yoast-schema-graph\">{\"@context\":\"https:\\\/\\\/schema.org\",\"@graph\":[{\"@type\":\"WebPage\",\"@id\":\"https:\\\/\\\/inclusivesocial.org\\\/product\\\/%d0%bf%d0%b5%d1%80%d1%81%d0%bf%d0%b5%d0%ba%d1%82%d0%b8%d0%b2%d1%8b-%d1%81%d0%bf%d0%b5%d1%86%d0%b8%d0%b0%d0%bb%d1%8c%d0%bd%d1%8b%d0%b9-%d0%b2%d1%8b%d0%bf%d1%83%d1%81%d0%ba-%e2%84%96-1-%d0%bd%d0%b0\\\/\",\"url\":\"https:\\\/\\\/inclusivesocial.org\\\/product\\\/%d0%bf%d0%b5%d1%80%d1%81%d0%bf%d0%b5%d0%ba%d1%82%d0%b8%d0%b2%d1%8b-%d1%81%d0%bf%d0%b5%d1%86%d0%b8%d0%b0%d0%bb%d1%8c%d0%bd%d1%8b%d0%b9-%d0%b2%d1%8b%d0%bf%d1%83%d1%81%d0%ba-%e2%84%96-1-%d0%bd%d0%b0\\\/\",\"name\":\"\u041f\u0435\u0440\u0441\u043f\u0435\u043a\u0442\u0438\u0432\u044b - \u0421\u043f\u0435\u0446\u0438\u0430\u043b\u044c\u043d\u044b\u0439 \u0432\u044b\u043f\u0443\u0441\u043a \u2116 1 \u043d\u0430 \u0440\u0443\u0441\u0441\u043a\u043e\u043c \u044f\u0437\u044b\u043a\u0435 10-2023 - Section for Inclusive Social Development\",\"isPartOf\":{\"@id\":\"https:\\\/\\\/inclusivesocial.org\\\/es\\\/#website\"},\"primaryImageOfPage\":{\"@id\":\"https:\\\/\\\/inclusivesocial.org\\\/product\\\/%d0%bf%d0%b5%d1%80%d1%81%d0%bf%d0%b5%d0%ba%d1%82%d0%b8%d0%b2%d1%8b-%d1%81%d0%bf%d0%b5%d1%86%d0%b8%d0%b0%d0%bb%d1%8c%d0%bd%d1%8b%d0%b9-%d0%b2%d1%8b%d0%bf%d1%83%d1%81%d0%ba-%e2%84%96-1-%d0%bd%d0%b0\\\/#primaryimage\"},\"image\":{\"@id\":\"https:\\\/\\\/inclusivesocial.org\\\/product\\\/%d0%bf%d0%b5%d1%80%d1%81%d0%bf%d0%b5%d0%ba%d1%82%d0%b8%d0%b2%d1%8b-%d1%81%d0%bf%d0%b5%d1%86%d0%b8%d0%b0%d0%bb%d1%8c%d0%bd%d1%8b%d0%b9-%d0%b2%d1%8b%d0%bf%d1%83%d1%81%d0%ba-%e2%84%96-1-%d0%bd%d0%b0\\\/#primaryimage\"},\"thumbnailUrl\":\"https:\\\/\\\/inclusivesocial.org\\\/wp-content\\\/uploads\\\/2023\\\/11\\\/Perspectives-RUS-No.1-2023-10-final-scaled.jpg\",\"datePublished\":\"2023-11-17T15:33:31+00:00\",\"dateModified\":\"2023-11-22T07:50:32+00:00\",\"breadcrumb\":{\"@id\":\"https:\\\/\\\/inclusivesocial.org\\\/product\\\/%d0%bf%d0%b5%d1%80%d1%81%d0%bf%d0%b5%d0%ba%d1%82%d0%b8%d0%b2%d1%8b-%d1%81%d0%bf%d0%b5%d1%86%d0%b8%d0%b0%d0%bb%d1%8c%d0%bd%d1%8b%d0%b9-%d0%b2%d1%8b%d0%bf%d1%83%d1%81%d0%ba-%e2%84%96-1-%d0%bd%d0%b0\\\/#breadcrumb\"},\"inLanguage\":\"es\",\"potentialAction\":[{\"@type\":\"ReadAction\",\"target\":[\"https:\\\/\\\/inclusivesocial.org\\\/product\\\/%d0%bf%d0%b5%d1%80%d1%81%d0%bf%d0%b5%d0%ba%d1%82%d0%b8%d0%b2%d1%8b-%d1%81%d0%bf%d0%b5%d1%86%d0%b8%d0%b0%d0%bb%d1%8c%d0%bd%d1%8b%d0%b9-%d0%b2%d1%8b%d0%bf%d1%83%d1%81%d0%ba-%e2%84%96-1-%d0%bd%d0%b0\\\/\"]}]},{\"@type\":\"ImageObject\",\"inLanguage\":\"es\",\"@id\":\"https:\\\/\\\/inclusivesocial.org\\\/product\\\/%d0%bf%d0%b5%d1%80%d1%81%d0%bf%d0%b5%d0%ba%d1%82%d0%b8%d0%b2%d1%8b-%d1%81%d0%bf%d0%b5%d1%86%d0%b8%d0%b0%d0%bb%d1%8c%d0%bd%d1%8b%d0%b9-%d0%b2%d1%8b%d0%bf%d1%83%d1%81%d0%ba-%e2%84%96-1-%d0%bd%d0%b0\\\/#primaryimage\",\"url\":\"https:\\\/\\\/inclusivesocial.org\\\/wp-content\\\/uploads\\\/2023\\\/11\\\/Perspectives-RUS-No.1-2023-10-final-scaled.jpg\",\"contentUrl\":\"https:\\\/\\\/inclusivesocial.org\\\/wp-content\\\/uploads\\\/2023\\\/11\\\/Perspectives-RUS-No.1-2023-10-final-scaled.jpg\",\"width\":1810,\"height\":2560},{\"@type\":\"BreadcrumbList\",\"@id\":\"https:\\\/\\\/inclusivesocial.org\\\/product\\\/%d0%bf%d0%b5%d1%80%d1%81%d0%bf%d0%b5%d0%ba%d1%82%d0%b8%d0%b2%d1%8b-%d1%81%d0%bf%d0%b5%d1%86%d0%b8%d0%b0%d0%bb%d1%8c%d0%bd%d1%8b%d0%b9-%d0%b2%d1%8b%d0%bf%d1%83%d1%81%d0%ba-%e2%84%96-1-%d0%bd%d0%b0\\\/#breadcrumb\",\"itemListElement\":[{\"@type\":\"ListItem\",\"position\":1,\"name\":\"Home\",\"item\":\"https:\\\/\\\/inclusivesocial.org\\\/es\\\/home\\\/\"},{\"@type\":\"ListItem\",\"position\":2,\"name\":\"Suscribirse a Perspectives\",\"item\":\"https:\\\/\\\/inclusivesocial.org\\\/es\\\/suscribirse-a-perspectives\\\/\"},{\"@type\":\"ListItem\",\"position\":3,\"name\":\"\u041f\u0435\u0440\u0441\u043f\u0435\u043a\u0442\u0438\u0432\u044b &#8211; \u0421\u043f\u0435\u0446\u0438\u0430\u043b\u044c\u043d\u044b\u0439 \u0432\u044b\u043f\u0443\u0441\u043a \u2116 1 \u043d\u0430 \u0440\u0443\u0441\u0441\u043a\u043e\u043c \u044f\u0437\u044b\u043a\u0435 10-2023\"}]},{\"@type\":\"WebSite\",\"@id\":\"https:\\\/\\\/inclusivesocial.org\\\/es\\\/#website\",\"url\":\"https:\\\/\\\/inclusivesocial.org\\\/es\\\/\",\"name\":\"Inclusive Social\",\"description\":\"EDUCATION \\\/\\\/ WELLBEING \\\/\\\/ COMMUNITY\",\"publisher\":{\"@id\":\"https:\\\/\\\/inclusivesocial.org\\\/es\\\/#organization\"},\"potentialAction\":[{\"@type\":\"SearchAction\",\"target\":{\"@type\":\"EntryPoint\",\"urlTemplate\":\"https:\\\/\\\/inclusivesocial.org\\\/es\\\/?s={search_term_string}\"},\"query-input\":{\"@type\":\"PropertyValueSpecification\",\"valueRequired\":true,\"valueName\":\"search_term_string\"}}],\"inLanguage\":\"es\"},{\"@type\":\"Organization\",\"@id\":\"https:\\\/\\\/inclusivesocial.org\\\/es\\\/#organization\",\"name\":\"Section for Inclusive Social Development\",\"url\":\"https:\\\/\\\/inclusivesocial.org\\\/es\\\/\",\"logo\":{\"@type\":\"ImageObject\",\"inLanguage\":\"es\",\"@id\":\"https:\\\/\\\/inclusivesocial.org\\\/es\\\/#\\\/schema\\\/logo\\\/image\\\/\",\"url\":\"https:\\\/\\\/inclusivesocial.org\\\/wp-content\\\/uploads\\\/2024\\\/10\\\/heilpaedagogik-und-inklusive-soziale-entwicklung-dreizeiler-de-en-full-color-rgb-900px-w-72ppi.png\",\"contentUrl\":\"https:\\\/\\\/inclusivesocial.org\\\/wp-content\\\/uploads\\\/2024\\\/10\\\/heilpaedagogik-und-inklusive-soziale-entwicklung-dreizeiler-de-en-full-color-rgb-900px-w-72ppi.png\",\"width\":901,\"height\":158,\"caption\":\"Section for Inclusive Social Development\"},\"image\":{\"@id\":\"https:\\\/\\\/inclusivesocial.org\\\/es\\\/#\\\/schema\\\/logo\\\/image\\\/\"},\"sameAs\":[\"https:\\\/\\\/www.facebook.com\\\/inclusivesocial\\\/\",\"https:\\\/\\\/www.instagram.com\\\/inclusivesocial\\\/\"]}]}<\/script>\n<!-- \/ Yoast SEO plugin. -->","yoast_head_json":{"title":"\u041f\u0435\u0440\u0441\u043f\u0435\u043a\u0442\u0438\u0432\u044b - \u0421\u043f\u0435\u0446\u0438\u0430\u043b\u044c\u043d\u044b\u0439 \u0432\u044b\u043f\u0443\u0441\u043a \u2116 1 \u043d\u0430 \u0440\u0443\u0441\u0441\u043a\u043e\u043c \u044f\u0437\u044b\u043a\u0435 10-2023 - Section for Inclusive Social Development","robots":{"index":"noindex","follow":"follow"},"og_locale":"es_ES","og_type":"article","og_title":"\u041f\u0435\u0440\u0441\u043f\u0435\u043a\u0442\u0438\u0432\u044b - \u0421\u043f\u0435\u0446\u0438\u0430\u043b\u044c\u043d\u044b\u0439 \u0432\u044b\u043f\u0443\u0441\u043a \u2116 1 \u043d\u0430 \u0440\u0443\u0441\u0441\u043a\u043e\u043c \u044f\u0437\u044b\u043a\u0435 10-2023 - Section for Inclusive Social Development","og_description":"Edici\u00f3n especial en ruso para descargar en PDF Contenido:    \u041e\u043f\u044b\u0442 \u043f\u0435\u0440\u0435\u0436\u0438\u0432\u0430\u043d\u0438\u044f \u00ab\u0442\u043e\u0447\u043a\u0438- \u043a\u0440\u0443\u0433\u0430\u00bb K\u0430\u043a \u0434\u0438\u0434\u0430\u043a\u0442\u0438\u0447\u0435\u0441\u043a\u0438\u0439 \u044d\u043b\u0435\u043c\u0435\u043d\u0442 \u0432 \u0440\u0430\u043c\u043a\u0430\u0445 \u043f\u043e\u0434\u0433\u043e\u0442\u043e\u0432\u043a\u0438 \u043b\u0435\u0447\u0435\u0431\u043d\u044b\u0445 \u043f\u0435\u0434\u0430\u0433\u043e\u0433\u043e\u0432 (\u0410\u043d\u043d\u0435\u0442\u0442\u0435 \u041f\u0438\u0445\u043b\u0435\u0440)  P\u0417\u0430\u0440\u0438\u0441\u043e\u0432\u043a\u0438 \u0432\u043e\u0441\u043f\u0440\u0438\u044f\u0442\u0438\u044f \u043a\u0430\u043a \u043e\u0441\u043d\u043e\u0432\u0430 \u043e\u0440\u0438\u0435\u043d\u0442\u0438\u0440\u043e\u0432\u0430\u043d\u043d\u043e\u0433\u043e \u043d\u0430 \u0438\u043d\u043a\u043b\u044e\u0437\u0438\u044e \u043f\u0435\u0434\u0430\u0433\u043e\u0433\u0438\u0447\u0435\u0441\u043a\u043e\u0433\u043e \u043f\u043e\u0434\u0445\u043e\u0434\u0430 (\u0423\u043b\u044c\u0440\u0438\u043a\u0430 \u0411\u0430\u0440\u0442 \u0438 \u0410\u043d\u0436\u0435\u043b\u0438\u043a\u0430 \u0412\u0438\u043b\u044c)  \u041a\u0443\u0440\u0441 \u043b\u0435\u043a\u0446\u0438\u0439 \u043f\u043e \u043b\u0435\u0447\u0435\u0431\u043d\u043e\u0439 \u043f\u0435\u0434\u0430\u0433\u043e\u0433\u0438\u043a\u0435 \u043a\u0430\u043a \u043c\u0435\u0434\u0438\u0442\u0430\u0442\u0438\u0432\u043d\u044b\u0439 \u043f\u0443\u0442\u044c (\u041a\u0430\u0440\u043b \u0420\u0430\u0439\u043d\u0445\u0430\u0440\u0434 \u041a\u0443\u043c\u043c\u0435\u0440)   Le pedimos una contribuci\u00f3n de libre elecci\u00f3n a los costes entre 3 y 10 CHF. (Si no puede permitirse ni siquiera la cantidad m\u00ednima debido a circunstancias financieras excepcionales, p\u00f3ngase en contacto con nosotros: info@inclusivesocial.org.)","og_url":"https:\/\/inclusivesocial.org\/product\/\u043f\u0435\u0440\u0441\u043f\u0435\u043a\u0442\u0438\u0432\u044b-\u0441\u043f\u0435\u0446\u0438\u0430\u043b\u044c\u043d\u044b\u0439-\u0432\u044b\u043f\u0443\u0441\u043a-\u2116-1-\u043d\u0430\/","og_site_name":"Section for Inclusive Social Development","article_publisher":"https:\/\/www.facebook.com\/inclusivesocial\/","article_modified_time":"2023-11-22T07:50:32+00:00","og_image":[{"width":1810,"height":2560,"url":"https:\/\/inclusivesocial.org\/wp-content\/uploads\/2023\/11\/Perspectives-RUS-No.1-2023-10-final-scaled.jpg","type":"image\/jpeg"}],"twitter_card":"summary_large_image","schema":{"@context":"https:\/\/schema.org","@graph":[{"@type":"WebPage","@id":"https:\/\/inclusivesocial.org\/product\/%d0%bf%d0%b5%d1%80%d1%81%d0%bf%d0%b5%d0%ba%d1%82%d0%b8%d0%b2%d1%8b-%d1%81%d0%bf%d0%b5%d1%86%d0%b8%d0%b0%d0%bb%d1%8c%d0%bd%d1%8b%d0%b9-%d0%b2%d1%8b%d0%bf%d1%83%d1%81%d0%ba-%e2%84%96-1-%d0%bd%d0%b0\/","url":"https:\/\/inclusivesocial.org\/product\/%d0%bf%d0%b5%d1%80%d1%81%d0%bf%d0%b5%d0%ba%d1%82%d0%b8%d0%b2%d1%8b-%d1%81%d0%bf%d0%b5%d1%86%d0%b8%d0%b0%d0%bb%d1%8c%d0%bd%d1%8b%d0%b9-%d0%b2%d1%8b%d0%bf%d1%83%d1%81%d0%ba-%e2%84%96-1-%d0%bd%d0%b0\/","name":"\u041f\u0435\u0440\u0441\u043f\u0435\u043a\u0442\u0438\u0432\u044b - \u0421\u043f\u0435\u0446\u0438\u0430\u043b\u044c\u043d\u044b\u0439 \u0432\u044b\u043f\u0443\u0441\u043a \u2116 1 \u043d\u0430 \u0440\u0443\u0441\u0441\u043a\u043e\u043c \u044f\u0437\u044b\u043a\u0435 10-2023 - Section for Inclusive Social Development","isPartOf":{"@id":"https:\/\/inclusivesocial.org\/es\/#website"},"primaryImageOfPage":{"@id":"https:\/\/inclusivesocial.org\/product\/%d0%bf%d0%b5%d1%80%d1%81%d0%bf%d0%b5%d0%ba%d1%82%d0%b8%d0%b2%d1%8b-%d1%81%d0%bf%d0%b5%d1%86%d0%b8%d0%b0%d0%bb%d1%8c%d0%bd%d1%8b%d0%b9-%d0%b2%d1%8b%d0%bf%d1%83%d1%81%d0%ba-%e2%84%96-1-%d0%bd%d0%b0\/#primaryimage"},"image":{"@id":"https:\/\/inclusivesocial.org\/product\/%d0%bf%d0%b5%d1%80%d1%81%d0%bf%d0%b5%d0%ba%d1%82%d0%b8%d0%b2%d1%8b-%d1%81%d0%bf%d0%b5%d1%86%d0%b8%d0%b0%d0%bb%d1%8c%d0%bd%d1%8b%d0%b9-%d0%b2%d1%8b%d0%bf%d1%83%d1%81%d0%ba-%e2%84%96-1-%d0%bd%d0%b0\/#primaryimage"},"thumbnailUrl":"https:\/\/inclusivesocial.org\/wp-content\/uploads\/2023\/11\/Perspectives-RUS-No.1-2023-10-final-scaled.jpg","datePublished":"2023-11-17T15:33:31+00:00","dateModified":"2023-11-22T07:50:32+00:00","breadcrumb":{"@id":"https:\/\/inclusivesocial.org\/product\/%d0%bf%d0%b5%d1%80%d1%81%d0%bf%d0%b5%d0%ba%d1%82%d0%b8%d0%b2%d1%8b-%d1%81%d0%bf%d0%b5%d1%86%d0%b8%d0%b0%d0%bb%d1%8c%d0%bd%d1%8b%d0%b9-%d0%b2%d1%8b%d0%bf%d1%83%d1%81%d0%ba-%e2%84%96-1-%d0%bd%d0%b0\/#breadcrumb"},"inLanguage":"es","potentialAction":[{"@type":"ReadAction","target":["https:\/\/inclusivesocial.org\/product\/%d0%bf%d0%b5%d1%80%d1%81%d0%bf%d0%b5%d0%ba%d1%82%d0%b8%d0%b2%d1%8b-%d1%81%d0%bf%d0%b5%d1%86%d0%b8%d0%b0%d0%bb%d1%8c%d0%bd%d1%8b%d0%b9-%d0%b2%d1%8b%d0%bf%d1%83%d1%81%d0%ba-%e2%84%96-1-%d0%bd%d0%b0\/"]}]},{"@type":"ImageObject","inLanguage":"es","@id":"https:\/\/inclusivesocial.org\/product\/%d0%bf%d0%b5%d1%80%d1%81%d0%bf%d0%b5%d0%ba%d1%82%d0%b8%d0%b2%d1%8b-%d1%81%d0%bf%d0%b5%d1%86%d0%b8%d0%b0%d0%bb%d1%8c%d0%bd%d1%8b%d0%b9-%d0%b2%d1%8b%d0%bf%d1%83%d1%81%d0%ba-%e2%84%96-1-%d0%bd%d0%b0\/#primaryimage","url":"https:\/\/inclusivesocial.org\/wp-content\/uploads\/2023\/11\/Perspectives-RUS-No.1-2023-10-final-scaled.jpg","contentUrl":"https:\/\/inclusivesocial.org\/wp-content\/uploads\/2023\/11\/Perspectives-RUS-No.1-2023-10-final-scaled.jpg","width":1810,"height":2560},{"@type":"BreadcrumbList","@id":"https:\/\/inclusivesocial.org\/product\/%d0%bf%d0%b5%d1%80%d1%81%d0%bf%d0%b5%d0%ba%d1%82%d0%b8%d0%b2%d1%8b-%d1%81%d0%bf%d0%b5%d1%86%d0%b8%d0%b0%d0%bb%d1%8c%d0%bd%d1%8b%d0%b9-%d0%b2%d1%8b%d0%bf%d1%83%d1%81%d0%ba-%e2%84%96-1-%d0%bd%d0%b0\/#breadcrumb","itemListElement":[{"@type":"ListItem","position":1,"name":"Home","item":"https:\/\/inclusivesocial.org\/es\/home\/"},{"@type":"ListItem","position":2,"name":"Suscribirse a Perspectives","item":"https:\/\/inclusivesocial.org\/es\/suscribirse-a-perspectives\/"},{"@type":"ListItem","position":3,"name":"\u041f\u0435\u0440\u0441\u043f\u0435\u043a\u0442\u0438\u0432\u044b &#8211; \u0421\u043f\u0435\u0446\u0438\u0430\u043b\u044c\u043d\u044b\u0439 \u0432\u044b\u043f\u0443\u0441\u043a \u2116 1 \u043d\u0430 \u0440\u0443\u0441\u0441\u043a\u043e\u043c \u044f\u0437\u044b\u043a\u0435 10-2023"}]},{"@type":"WebSite","@id":"https:\/\/inclusivesocial.org\/es\/#website","url":"https:\/\/inclusivesocial.org\/es\/","name":"Inclusive Social","description":"EDUCATION \/\/ WELLBEING \/\/ COMMUNITY","publisher":{"@id":"https:\/\/inclusivesocial.org\/es\/#organization"},"potentialAction":[{"@type":"SearchAction","target":{"@type":"EntryPoint","urlTemplate":"https:\/\/inclusivesocial.org\/es\/?s={search_term_string}"},"query-input":{"@type":"PropertyValueSpecification","valueRequired":true,"valueName":"search_term_string"}}],"inLanguage":"es"},{"@type":"Organization","@id":"https:\/\/inclusivesocial.org\/es\/#organization","name":"Section for Inclusive Social Development","url":"https:\/\/inclusivesocial.org\/es\/","logo":{"@type":"ImageObject","inLanguage":"es","@id":"https:\/\/inclusivesocial.org\/es\/#\/schema\/logo\/image\/","url":"https:\/\/inclusivesocial.org\/wp-content\/uploads\/2024\/10\/heilpaedagogik-und-inklusive-soziale-entwicklung-dreizeiler-de-en-full-color-rgb-900px-w-72ppi.png","contentUrl":"https:\/\/inclusivesocial.org\/wp-content\/uploads\/2024\/10\/heilpaedagogik-und-inklusive-soziale-entwicklung-dreizeiler-de-en-full-color-rgb-900px-w-72ppi.png","width":901,"height":158,"caption":"Section for Inclusive Social Development"},"image":{"@id":"https:\/\/inclusivesocial.org\/es\/#\/schema\/logo\/image\/"},"sameAs":["https:\/\/www.facebook.com\/inclusivesocial\/","https:\/\/www.instagram.com\/inclusivesocial\/"]}]}},"_links":{"self":[{"href":"https:\/\/inclusivesocial.org\/es\/wp-json\/wp\/v2\/product\/38158","targetHints":{"allow":["GET"]}}],"collection":[{"href":"https:\/\/inclusivesocial.org\/es\/wp-json\/wp\/v2\/product"}],"about":[{"href":"https:\/\/inclusivesocial.org\/es\/wp-json\/wp\/v2\/types\/product"}],"wp:featuredmedia":[{"embeddable":true,"href":"https:\/\/inclusivesocial.org\/es\/wp-json\/wp\/v2\/media\/38164"}],"wp:attachment":[{"href":"https:\/\/inclusivesocial.org\/es\/wp-json\/wp\/v2\/media?parent=38158"}],"wp:term":[{"taxonomy":"product_brand","embeddable":true,"href":"https:\/\/inclusivesocial.org\/es\/wp-json\/wp\/v2\/product_brand?post=38158"},{"taxonomy":"product_cat","embeddable":true,"href":"https:\/\/inclusivesocial.org\/es\/wp-json\/wp\/v2\/product_cat?post=38158"},{"taxonomy":"product_tag","embeddable":true,"href":"https:\/\/inclusivesocial.org\/es\/wp-json\/wp\/v2\/product_tag?post=38158"}],"curies":[{"name":"wp","href":"https:\/\/api.w.org\/{rel}","templated":true}]}}